{"id":34149,"date":"2025-10-31T11:31:42","date_gmt":"2025-10-31T11:31:42","guid":{"rendered":"http:\/\/localhost:10004\/?page_id=34149"},"modified":"2025-10-31T11:40:55","modified_gmt":"2025-10-31T11:40:55","slug":"izjava-o-pristupacnosti","status":"publish","type":"page","link":"https:\/\/testweb.horizont4u.com\/horizont4u\/izjava-o-pristupacnosti\/","title":{"rendered":"Izjava o pristupa\u010dnosti"},"content":{"rendered":"\t\t<div data-elementor-type=\"wp-page\" data-elementor-id=\"34149\" class=\"elementor elementor-34149\">\n\t\t\t\t<div class=\"wd-negative-gap elementor-element elementor-element-d8d80dd wd-section-stretch e-flex e-con-boxed e-con e-parent\" data-id=\"d8d80dd\" data-element_type=\"container\" data-e-type=\"container\" data-settings=\"{&quot;background_background&quot;:&quot;classic&quot;}\">\n\t\t\t\t\t<div class=\"e-con-inner\">\n\t\t<div class=\"elementor-element elementor-element-92f6e59 e-con-full e-flex e-con e-child\" data-id=\"92f6e59\" data-element_type=\"container\" data-e-type=\"container\">\n\t\t\t\t<div class=\"elementor-element elementor-element-f09c9f9 wd-el-page-heading text-left elementor-widget elementor-widget-wd_page_heading\" data-id=\"f09c9f9\" data-element_type=\"widget\" data-e-type=\"widget\" data-widget_type=\"wd_page_heading.default\">\n\t\t\t\t<div class=\"elementor-widget-container\">\n\t\t\t\t\t<h1 class=\"entry-title title\">Izjava o pristupa\u010dnosti<\/h1>\t\t\t\t<\/div>\n\t\t\t\t<\/div>\n\t\t\t\t<\/div>\n\t\t\t\t\t<\/div>\n\t\t\t\t<\/div>\n\t\t<div class=\"wd-negative-gap elementor-element elementor-element-1c90c3f wd-section-stretch e-flex e-con-boxed e-con e-parent\" data-id=\"1c90c3f\" data-element_type=\"container\" data-e-type=\"container\">\n\t\t\t\t\t<div class=\"e-con-inner\">\n\t\t<div class=\"elementor-element elementor-element-920c6e6 e-con-full text-container e-flex e-con e-child\" data-id=\"920c6e6\" data-element_type=\"container\" data-e-type=\"container\">\n\t\t\t\t<div class=\"elementor-element elementor-element-cf2b00d elementor-widget elementor-widget-wd_text_block\" data-id=\"cf2b00d\" data-element_type=\"widget\" data-e-type=\"widget\" data-widget_type=\"wd_text_block.default\">\n\t\t\t\t<div class=\"elementor-widget-container\">\n\t\t\t\t\t\t\t<div class=\"wd-text-block reset-last-child text-left\">\n\t\t\t\n\t\t\t<p>Quality management solutions d.o.o. posve\u0107en je osiguravanju digitalne pristupa\u010dnosti za osobe s invaliditetom. Neprestano pobolj\u0161avamo korisni\u010dko iskustvo za sve i primjenjujemo relevantne standarde pristupa\u010dnosti.<\/p><h2>Status uskla\u0111enosti<\/h2><p>Smjernice za pristupa\u010dnost web sadr\u017eaja (WCAG) definiraju zahtjeve za dizajnere i razvojne programere kako bi pobolj\u0161ali pristupa\u010dnost za osobe s invaliditetom. Definiraju tri razine uskla\u0111enosti: Razina A, Razina AA i Razina AAA.<\/p><p>Quality management solutions d.o.o. ula\u017ee stalne napore u pobolj\u0161anje pristupa\u010dnosti svoje stranice i usluga u uvjerenju da je na\u0161a kolektivna moralna obveza omogu\u0107iti besprijekorno, pristupa\u010dno i nesmetano kori\u0161tenje za one od nas s invaliditetom.<\/p><p>Cilj nam je u\u010diniti sve stranice i sadr\u017eaj na <a href=\"http:\/\/www.qms4u.eu\">www.qms4u.eu<\/a> pristupa\u010dnima, ali neki sadr\u017eaj mo\u017eda jo\u0161 ne zadovoljava u potpunosti najvi\u0161e standarde pristupa\u010dnosti. To bi moglo biti zbog izazova u identificiranju najprikladnijeg tehnolo\u0161kog rje\u0161enja.<\/p><p>Ovu Izjavu mo\u017eemo povremeno revidirati kako bismo odra\u017eavali pobolj\u0161anja ili promjene na\u0161ih praksi pristupa\u010dnosti.<\/p><h2>Povratne informacije<\/h2><p>Pozdravljamo va\u0161e povratne informacije o pristupa\u010dnosti web stranice Quality management solutions d.o.o. Molimo vas da nas obavijestite ako nai\u0111ete na prepreke u pristupa\u010dnosti na na\u0161oj web stranici:<\/p><p>E-po\u0161ta: <a href=\"mailto:info@qms4u.eu\">info@qms4u.eu<\/a><\/p><p>Trudimo se odgovoriti na povratne informacije u roku od 3 do 5 radnih dana.<\/p><p>Ova izjava je kreirana 31.10.2025.<\/p>\n\t\t\t\t\t<\/div>\n\t\t\t\t\t\t<\/div>\n\t\t\t\t<\/div>\n\t\t\t\t<\/div>\n\t\t\t\t\t<\/div>\n\t\t\t\t<\/div>\n\t\t\t\t<\/div>\n\t\t","protected":false},"excerpt":{"rendered":"<p>Izjava o pristupa\u010dnosti Quality management solutions d.o.o. posve\u0107en je osiguravanju digitalne pristupa\u010dnosti za osobe s invaliditetom. Neprestano pobolj\u0161avamo korisni\u010dko iskustvo<\/p>\n","protected":false},"author":1,"featured_media":0,"parent":0,"menu_order":0,"comment_status":"closed","ping_status":"closed","template":"","meta":{"footnotes":""},"class_list":["post-34149","page","type-page","status-publish","hentry"],"_links":{"self":[{"href":"https:\/\/testweb.horizont4u.com\/horizont4u\/wp-json\/wp\/v2\/pages\/34149","targetHints":{"allow":["GET"]}}],"collection":[{"href":"https:\/\/testweb.horizont4u.com\/horizont4u\/wp-json\/wp\/v2\/pages"}],"about":[{"href":"https:\/\/testweb.horizont4u.com\/horizont4u\/wp-json\/wp\/v2\/types\/page"}],"author":[{"embeddable":true,"href":"https:\/\/testweb.horizont4u.com\/horizont4u\/wp-json\/wp\/v2\/users\/1"}],"replies":[{"embeddable":true,"href":"https:\/\/testweb.horizont4u.com\/horizont4u\/wp-json\/wp\/v2\/comments?post=34149"}],"version-history":[{"count":10,"href":"https:\/\/testweb.horizont4u.com\/horizont4u\/wp-json\/wp\/v2\/pages\/34149\/revisions"}],"predecessor-version":[{"id":34162,"href":"https:\/\/testweb.horizont4u.com\/horizont4u\/wp-json\/wp\/v2\/pages\/34149\/revisions\/34162"}],"wp:attachment":[{"href":"https:\/\/testweb.horizont4u.com\/horizont4u\/wp-json\/wp\/v2\/media?parent=34149"}],"curies":[{"name":"wp","href":"https:\/\/api.w.org\/{rel}","templated":true}]}}