{"id":33472,"date":"2025-10-28T11:05:49","date_gmt":"2025-10-28T11:05:49","guid":{"rendered":"http:\/\/localhost:10004\/?page_id=33472"},"modified":"2025-10-28T11:06:10","modified_gmt":"2025-10-28T11:06:10","slug":"impressum","status":"publish","type":"page","link":"https:\/\/testweb.horizont4u.com\/horizont4u\/impressum\/","title":{"rendered":"Impressum"},"content":{"rendered":"\t\t<div data-elementor-type=\"wp-page\" data-elementor-id=\"33472\" class=\"elementor elementor-33472\">\n\t\t\t\t<div class=\"wd-negative-gap elementor-element elementor-element-d8d80dd wd-section-stretch e-flex e-con-boxed e-con e-parent\" data-id=\"d8d80dd\" data-element_type=\"container\" data-e-type=\"container\" data-settings=\"{&quot;background_background&quot;:&quot;classic&quot;}\">\n\t\t\t\t\t<div class=\"e-con-inner\">\n\t\t<div class=\"elementor-element elementor-element-92f6e59 e-con-full e-flex e-con e-child\" data-id=\"92f6e59\" data-element_type=\"container\" data-e-type=\"container\">\n\t\t\t\t<div class=\"elementor-element elementor-element-f09c9f9 wd-el-page-heading text-left elementor-widget elementor-widget-wd_page_heading\" data-id=\"f09c9f9\" data-element_type=\"widget\" data-e-type=\"widget\" data-widget_type=\"wd_page_heading.default\">\n\t\t\t\t<div class=\"elementor-widget-container\">\n\t\t\t\t\t<h1 class=\"entry-title title\">Impressum<\/h1>\t\t\t\t<\/div>\n\t\t\t\t<\/div>\n\t\t\t\t<\/div>\n\t\t\t\t\t<\/div>\n\t\t\t\t<\/div>\n\t\t<div class=\"wd-negative-gap elementor-element elementor-element-1c90c3f wd-section-stretch e-flex e-con-boxed e-con e-parent\" data-id=\"1c90c3f\" data-element_type=\"container\" data-e-type=\"container\">\n\t\t\t\t\t<div class=\"e-con-inner\">\n\t\t<div class=\"elementor-element elementor-element-920c6e6 e-con-full text-container e-flex e-con e-child\" data-id=\"920c6e6\" data-element_type=\"container\" data-e-type=\"container\">\n\t\t\t\t<div class=\"elementor-element elementor-element-cf2b00d elementor-widget elementor-widget-wd_text_block\" data-id=\"cf2b00d\" data-element_type=\"widget\" data-e-type=\"widget\" data-widget_type=\"wd_text_block.default\">\n\t\t\t\t<div class=\"elementor-widget-container\">\n\t\t\t\t\t\t\t<div class=\"wd-text-block reset-last-child text-left\">\n\t\t\t\n\t\t\t<p>Sjedi\u0161te: La\u0161\u0107inska cesta 76, 10000 Zagreb, Republika Hrvatska<\/p><p>IBAN: HR 75 2503007 1110003422; \u2028OIB: 74135974103; VAT ID: HR74135974103<\/p><p>Dru\u0161tvo je upisano u sudski registar Trgova\u010dkog suda u Zagrebu, pod brojem MBS:.081276501\u2028Temeljni kapital dru\u0161tva: 20.000,00 kuna, upla\u0107en u cijelosti.<\/p>\n\t\t\t\t\t<\/div>\n\t\t\t\t\t\t<\/div>\n\t\t\t\t<\/div>\n\t\t\t\t<\/div>\n\t\t\t\t\t<\/div>\n\t\t\t\t<\/div>\n\t\t\t\t<\/div>\n\t\t","protected":false},"excerpt":{"rendered":"<p>Impressum Sjedi\u0161te: La\u0161\u0107inska cesta 76, 10000 Zagreb, Republika Hrvatska IBAN: HR 75 2503007 1110003422; \u2028OIB: 74135974103; VAT ID: HR74135974103 Dru\u0161tvo<\/p>\n","protected":false},"author":1,"featured_media":0,"parent":0,"menu_order":0,"comment_status":"closed","ping_status":"closed","template":"","meta":{"footnotes":""},"class_list":["post-33472","page","type-page","status-publish","hentry"],"_links":{"self":[{"href":"https:\/\/testweb.horizont4u.com\/horizont4u\/wp-json\/wp\/v2\/pages\/33472","targetHints":{"allow":["GET"]}}],"collection":[{"href":"https:\/\/testweb.horizont4u.com\/horizont4u\/wp-json\/wp\/v2\/pages"}],"about":[{"href":"https:\/\/testweb.horizont4u.com\/horizont4u\/wp-json\/wp\/v2\/types\/page"}],"author":[{"embeddable":true,"href":"https:\/\/testweb.horizont4u.com\/horizont4u\/wp-json\/wp\/v2\/users\/1"}],"replies":[{"embeddable":true,"href":"https:\/\/testweb.horizont4u.com\/horizont4u\/wp-json\/wp\/v2\/comments?post=33472"}],"version-history":[{"count":4,"href":"https:\/\/testweb.horizont4u.com\/horizont4u\/wp-json\/wp\/v2\/pages\/33472\/revisions"}],"predecessor-version":[{"id":33476,"href":"https:\/\/testweb.horizont4u.com\/horizont4u\/wp-json\/wp\/v2\/pages\/33472\/revisions\/33476"}],"wp:attachment":[{"href":"https:\/\/testweb.horizont4u.com\/horizont4u\/wp-json\/wp\/v2\/media?parent=33472"}],"curies":[{"name":"wp","href":"https:\/\/api.w.org\/{rel}","templated":true}]}}