{"id":33463,"date":"2025-10-28T10:58:26","date_gmt":"2025-10-28T10:58:26","guid":{"rendered":"http:\/\/localhost:10004\/?page_id=33463"},"modified":"2025-10-28T11:00:43","modified_gmt":"2025-10-28T11:00:43","slug":"opci-uvjeti-poslovanja","status":"publish","type":"page","link":"https:\/\/testweb.horizont4u.com\/horizont4u\/opci-uvjeti-poslovanja\/","title":{"rendered":"Op\u0107i uvjeti poslovanja"},"content":{"rendered":"\t\t<div data-elementor-type=\"wp-page\" data-elementor-id=\"33463\" class=\"elementor elementor-33463\">\n\t\t\t\t<div class=\"wd-negative-gap elementor-element elementor-element-d8d80dd wd-section-stretch e-flex e-con-boxed e-con e-parent\" data-id=\"d8d80dd\" data-element_type=\"container\" data-e-type=\"container\" data-settings=\"{&quot;background_background&quot;:&quot;classic&quot;}\">\n\t\t\t\t\t<div class=\"e-con-inner\">\n\t\t<div class=\"elementor-element elementor-element-92f6e59 e-con-full e-flex e-con e-child\" data-id=\"92f6e59\" data-element_type=\"container\" data-e-type=\"container\">\n\t\t\t\t<div class=\"elementor-element elementor-element-f09c9f9 wd-el-page-heading text-left elementor-widget elementor-widget-wd_page_heading\" data-id=\"f09c9f9\" data-element_type=\"widget\" data-e-type=\"widget\" data-widget_type=\"wd_page_heading.default\">\n\t\t\t\t<div class=\"elementor-widget-container\">\n\t\t\t\t\t<h1 class=\"entry-title title\">Op\u0107i uvjeti poslovanja<\/h1>\t\t\t\t<\/div>\n\t\t\t\t<\/div>\n\t\t\t\t<\/div>\n\t\t\t\t\t<\/div>\n\t\t\t\t<\/div>\n\t\t<div class=\"wd-negative-gap elementor-element elementor-element-1c90c3f wd-section-stretch e-flex e-con-boxed e-con e-parent\" data-id=\"1c90c3f\" data-element_type=\"container\" data-e-type=\"container\">\n\t\t\t\t\t<div class=\"e-con-inner\">\n\t\t<div class=\"elementor-element elementor-element-920c6e6 e-con-full text-container e-flex e-con e-child\" data-id=\"920c6e6\" data-element_type=\"container\" data-e-type=\"container\">\n\t\t\t\t<div class=\"elementor-element elementor-element-cf2b00d elementor-widget elementor-widget-wd_text_block\" data-id=\"cf2b00d\" data-element_type=\"widget\" data-e-type=\"widget\" data-widget_type=\"wd_text_block.default\">\n\t\t\t\t<div class=\"elementor-widget-container\">\n\t\t\t\t\t\t\t<div class=\"wd-text-block reset-last-child text-left\">\n\t\t\t\n\t\t\t<p>Op\u0107i uvjeti predstavljaju uvjete poslovanja tvrtke Quality management solutions sustavi d.o.o., La\u0161\u010dinska cesta 76, 10000 Zagreb, Republika Hrvatska (u daljnjem tekstu Isporu\u010ditelj) s jedne strane i podnositelja Zahtjeva za isporuku QMS programskih rje\u0161enja (u nastavku Korisnik) s druge, kojima se reguliraju prava i obveze pojedina\u010dno i skupno.<\/p><h2>Predmet op\u0107ih uvjeta<\/h2><p>Predmet op\u0107ih uvjeta je zasnivanje Korisni\u010dkog odnosa za kori\u0161tenje programskih rje\u0161enja ili pojedinih dijelova QMS poslovne platforme.<\/p><h2>Uvjeti za zasnivanje korisni\u010dkog odnosa<\/h2><p>Korisnicima mogu postati sve poslovno sposobne pravne osobe. Korisnik je du\u017ean dati potrebne identifikacijske isprave s ciljem utvr\u0111ivanja identiteta. Korisnik je du\u017ean obavijestiti Isporu\u010ditelja u slu\u010daju promijene identifikacijskih podataka u roku od 7 dana od promjene istih.<\/p><h2>Zasnivanje korisni\u010dkog odnosa<\/h2><h3>Zahtjev<\/h3><p>Obrazac Zahtjeva za isporuku programskih rje\u0161enja\u00a0 dostupan je na Internet stranicama Isporu\u010ditelja kao i njegovih poslovnih partnera (distributera), na ovla\u0161tenim prodajnim mjestima, odnosno putem ovla\u0161tenih osoba (prodajnih agenata).<\/p><p>Obrazac Zahtjeva za isporuku programskih rje\u0161enja\u00a0 izme\u0111u ostalog sadr\u017ei i potvrdu Korisnika da je upoznat sa uvjetima i sadr\u017eajem ponu\u0111enih rje\u0161enja.<\/p><h3>Prihvat<\/h3><p>Po zaprimanju Zahtjeva za isporuku programskih rje\u0161enja QMS poslovne platforme, Isporu\u010ditelj se obvezuje ispostaviti ponudu na temelju tra\u017eenih proizvoda i usluga te po pla\u0107anju iste izvr\u0161iti pripremne radnje i isporuku unutar 7 radnih dana<\/p><h3>Odbijanje<\/h3><p>Isporu\u010ditelj ima pravo odbiti zahtjev bez obja\u0161njenja.<\/p><h3>Isporuka<\/h3><p>Isporu\u010ditelj se obvezuje isporu\u010diti proizvode i usluge unutar 7 radnih dana ukoliko je izvr\u0161ena uplata i ukoliko su se stekli uvjeti isporuke.<\/p><h3>Neisporuka<\/h3><p>U slu\u010daju da Isporu\u010ditelj odbije zahtjev, a Korisnik ipak izvr\u0161i uplatu, Isporu\u010ditelj mu je du\u017ean beskamatno vratiti upla\u0107eni iznos u najkra\u0107em roku.<\/p><h3>Obuka<\/h3><p>Obuka Korisnika za rad sa programskim rje\u0161enjima nije u cijeni proizvoda, nego se mo\u017ee ugovoriti prema cjeniku navedenom u Zahtjevu za isporuku programskih rje\u0161enja Horizont poslovne platforme. U cijenu su ura\u010dunata uputstva u elektronskom obliku.<\/p><h3>Licenca<\/h3><p>Licencom Korisnik stje\u010de pravo kori\u0161tenja, ali ne i vlasni\u0161tva programskog rje\u0161enja.<\/p><h3>Aktivacija<\/h3><p>Aktivacijom licence smatra se trenutak zaprimanja pristupnih podataka od strane Kupca.<\/p><h3>Produljenje<\/h3><p>Produljenje trajanja vremenski ograni\u010dene licence programskog rje\u0161enja, mogu\u0107e je po izvr\u0161enoj uplati, za novi period. Obavijest o potrebi produljenja Korisnik \u0107e primiti pravovremeno prije isteka licence putem programskog rje\u0161enja, po\u0161tom ili elektronskim putem.<\/p><h3>Podr\u0161ka<\/h3><p>Za vrijeme va\u017eenja vremenski ograni\u010dene licence QMS proizvoda, Korisnik ima pravo na zakonske izmjene, nove verzije (bez dodatnih opcija), telefonsku i Internet podr\u0161ku u radnom vremenu Isporu\u010ditelja. Terenski izlasci napla\u0107uju se po va\u017ee\u0107em cjeniku.<\/p><h2>Trajanje i prestanak korisni\u010dkog odnosa<\/h2><p>Vremenski ograni\u010dena licenca traje 12 mjeseci\u00a0 i istekom tog perioda prestaju me\u0111usobne obaveze ugovornih strana. Korisni\u010dki odnos prestaje va\u017eiti istekom vremenski ograni\u010denog perioda licence<\/p><h3>Privremeno isklju\u010denje<\/h3><p>Korisnik mo\u017ee zatra\u017eiti privremeno isklju\u010denje uslijed poslovnih okolnosti na period od maksimalno 30 dana unutar 12 mjeseci va\u017eenja vremenski ograni\u010dene licence. Ponovno uklju\u010denje napla\u0107uje se po cjeniku Isporu\u010ditelja.<\/p><h3>Prijenos<\/h3><p>Prijenos vremenski ograni\u010dene licence na drugu pravnu ili fizi\u010dku osobu nije mogu\u0107.<\/p><h3>Izmjene I dopune op\u0107ih uvjeta<\/h3><p>Isporu\u010ditelj pridr\u017eava pravo izmijeniti ove Op\u0107e uvjete poslovanja, uklju\u010duju\u0107i i cijene proizvoda i usluga, uz slanje obavijesti Korisniku\u00a0 u pisanom ili elektronskom obliku. Korisnik ima pravo raskida ugovora i na povrat neiskori\u0161tenog dijela vrijednosti licence.<\/p><p>Ukoliko Korisnik ne uputi raskid ugovora pisanim putem na adresu Isporu\u010ditelja u roku od 7 dana od obavijesti, smatrati \u0107e se da je Korisnik suglasan sa izmjenama. Izmjene stupaju na snagu 30 dana od objave odnosno ukoliko idu u prilog Korisniku trenutno.<\/p><h3>Rje\u0161avanje sporova<\/h3><p>Sve eventualne sporove strane \u0107e poku\u0161ati rije\u0161iti mirnim putem i dogovorom, a ukoliko to nije mogu\u0107e , nadle\u017ean je stvarno nadle\u017ean sud u Zagrebu.<\/p><h3>Zavr\u0161ne odredbe<\/h3><p>Op\u0107i uvjeti objavljeni su na slu\u017ebenim stranicama Isporu\u010ditelja.<\/p>\n\t\t\t\t\t<\/div>\n\t\t\t\t\t\t<\/div>\n\t\t\t\t<\/div>\n\t\t\t\t<\/div>\n\t\t\t\t\t<\/div>\n\t\t\t\t<\/div>\n\t\t\t\t<\/div>\n\t\t","protected":false},"excerpt":{"rendered":"<p>Op\u0107i uvjeti poslovanja Op\u0107i uvjeti predstavljaju uvjete poslovanja tvrtke Quality management solutions sustavi d.o.o., La\u0161\u010dinska cesta 76, 10000 Zagreb, Republika<\/p>\n","protected":false},"author":1,"featured_media":0,"parent":0,"menu_order":0,"comment_status":"closed","ping_status":"closed","template":"","meta":{"footnotes":""},"class_list":["post-33463","page","type-page","status-publish","hentry"],"_links":{"self":[{"href":"https:\/\/testweb.horizont4u.com\/horizont4u\/wp-json\/wp\/v2\/pages\/33463","targetHints":{"allow":["GET"]}}],"collection":[{"href":"https:\/\/testweb.horizont4u.com\/horizont4u\/wp-json\/wp\/v2\/pages"}],"about":[{"href":"https:\/\/testweb.horizont4u.com\/horizont4u\/wp-json\/wp\/v2\/types\/page"}],"author":[{"embeddable":true,"href":"https:\/\/testweb.horizont4u.com\/horizont4u\/wp-json\/wp\/v2\/users\/1"}],"replies":[{"embeddable":true,"href":"https:\/\/testweb.horizont4u.com\/horizont4u\/wp-json\/wp\/v2\/comments?post=33463"}],"version-history":[{"count":9,"href":"https:\/\/testweb.horizont4u.com\/horizont4u\/wp-json\/wp\/v2\/pages\/33463\/revisions"}],"predecessor-version":[{"id":34437,"href":"https:\/\/testweb.horizont4u.com\/horizont4u\/wp-json\/wp\/v2\/pages\/33463\/revisions\/34437"}],"wp:attachment":[{"href":"https:\/\/testweb.horizont4u.com\/horizont4u\/wp-json\/wp\/v2\/media?parent=33463"}],"curies":[{"name":"wp","href":"https:\/\/api.w.org\/{rel}","templated":true}]}}